{"id":19,"date":"2025-01-03T21:05:16","date_gmt":"2025-01-03T21:05:16","guid":{"rendered":"https:\/\/phenomania.de\/?page_id=19"},"modified":"2025-01-15T16:53:57","modified_gmt":"2025-01-15T16:53:57","slug":"startseite","status":"publish","type":"page","link":"https:\/\/phenomania.de\/","title":{"rendered":"Willkommen"},"content":{"rendered":"<p><strong><\/strong><\/p>\r\n<p>in meiner kleinen Welt \u2013 wo Licht und Schatten aufeinandertreffen. \ud83c\udf17<\/p>\r\n<p>Hier findest du Geschichten, Gedanken und Einblicke aus meinem Leben \u2013 mal tiefgr\u00fcndig, mal leicht, mal voller Lachen und ohne Filter! Ob es um Freundschaft, Alltagsabenteuer oder die kleinen Dinge geht, die das Leben besonders machen. Du wirst mich beim Lesen in meinem pers\u00f6nlichen Blog in meine Welt aus Licht und Schatten begleiten.\u00a0\u00a0<\/p>\r\n<p>\u2728 <strong>Was dich erwartet:<\/strong><\/p>\r\n<ul>\r\n<li><strong>Echte Geschichten<\/strong>: Aus dem Leben gegriffen, ehrlich und unverbl\u00fcmt. Vom L\u00e4cheln im Sonnenschein bis zum Regen in der Seele<\/li>\r\n<li><strong>Herzensgedanken<\/strong>: \u00dcber Freundschaft, Liebe, Schmerz und alles, was das Leben bewegt.<\/li>\r\n<li><strong>Inspiration<\/strong>: F\u00fcr deinen Alltag oder einfach ein L\u00e4cheln f\u00fcr zwischendurch.<\/li>\r\n<li>\u00a0<\/li>\r\n<\/ul>\r\n<p>F\u00fchl dich wie Zuhause, st\u00f6bere durch meine Eintr\u00e4ge und lass uns gemeinsam \u00fcber die H\u00f6hen und Tiefen des Lebens plaudern. Es freut mich, dass du hier bist und ein Teil dieser Reise wirst. \ud83d\udc9b\ud83d\udda4<\/p>\r\n<p>&nbsp;<\/p>\r\n<p>&nbsp;<\/p>\r\n<p>&nbsp;<\/p>\r\n<p><strong><\/strong><\/p>","protected":false},"excerpt":{"rendered":"<p>in meiner kleinen Welt \u2013 wo Licht und Schatten aufeinandertreffen. \ud83c\udf17 Hier findest du Geschichten, Gedanken und Einblicke aus meinem Leben \u2013 mal tiefgr\u00fcndig, mal leicht, mal voller Lachen und ohne Filter! Ob es um Freundschaft, Alltagsabenteuer oder die kleinen&#8230; <a class=\"more-link\" href=\"https:\/\/phenomania.de\/\">Weiterlesen &rarr;<\/a><\/p>\n","protected":false},"author":1,"featured_media":0,"parent":0,"menu_order":0,"comment_status":"closed","ping_status":"closed","template":"","meta":{"footnotes":""},"class_list":["post-19","page","type-page","status-publish","hentry"],"_links":{"self":[{"href":"https:\/\/phenomania.de\/index.php?rest_route=\/wp\/v2\/pages\/19","targetHints":{"allow":["GET"]}}],"collection":[{"href":"https:\/\/phenomania.de\/index.php?rest_route=\/wp\/v2\/pages"}],"about":[{"href":"https:\/\/phenomania.de\/index.php?rest_route=\/wp\/v2\/types\/page"}],"author":[{"embeddable":true,"href":"https:\/\/phenomania.de\/index.php?rest_route=\/wp\/v2\/users\/1"}],"replies":[{"embeddable":true,"href":"https:\/\/phenomania.de\/index.php?rest_route=%2Fwp%2Fv2%2Fcomments&post=19"}],"version-history":[{"count":9,"href":"https:\/\/phenomania.de\/index.php?rest_route=\/wp\/v2\/pages\/19\/revisions"}],"predecessor-version":[{"id":215,"href":"https:\/\/phenomania.de\/index.php?rest_route=\/wp\/v2\/pages\/19\/revisions\/215"}],"wp:attachment":[{"href":"https:\/\/phenomania.de\/index.php?rest_route=%2Fwp%2Fv2%2Fmedia&parent=19"}],"curies":[{"name":"wp","href":"https:\/\/api.w.org\/{rel}","templated":true}]}}